{"id":2764,"date":"2025-11-18T07:19:17","date_gmt":"2025-11-18T07:19:17","guid":{"rendered":"https:\/\/nivolox.de\/?page_id=2764"},"modified":"2026-02-16T19:20:34","modified_gmt":"2026-02-16T19:20:34","slug":"uber-uns","status":"publish","type":"page","link":"https:\/\/nivolox.de\/en\/uber-uns\/","title":{"rendered":"\u00dcber uns"},"content":{"rendered":"<div data-elementor-type=\"wp-page\" data-elementor-id=\"2764\" class=\"elementor elementor-2764\">\n\t\t\t\t\t\t<section class=\"elementor-section elementor-top-section elementor-element elementor-element-435d09e6 elementor-section-stretched elementor-section-boxed elementor-section-height-default elementor-section-height-default\" data-id=\"435d09e6\" data-element_type=\"section\" data-settings=\"{&quot;stretch_section&quot;:&quot;section-stretched&quot;}\">\n\t\t\t\t\t\t<div class=\"elementor-container elementor-column-gap-default\">\n\t\t\t\t\t<div class=\"elementor-column elementor-col-100 elementor-top-column elementor-element elementor-element-2de28598\" data-id=\"2de28598\" data-element_type=\"column\">\n\t\t\t<div class=\"elementor-widget-wrap elementor-element-populated\">\n\t\t\t\t\t\t<div class=\"elementor-element elementor-element-5a9e1daa elementor-widget elementor-widget-heading\" data-id=\"5a9e1daa\" data-element_type=\"widget\" data-widget_type=\"heading.default\">\n\t\t\t\t\t<h2 class=\"elementor-heading-title elementor-size-default\">\u00dcber uns<\/h2>\t\t\t\t<\/div>\n\t\t\t\t<div class=\"elementor-element elementor-element-2afe1934 elementor-widget-divider--view-line elementor-widget elementor-widget-divider\" data-id=\"2afe1934\" data-element_type=\"widget\" data-widget_type=\"divider.default\">\n\t\t\t\t\t\t\t<div class=\"elementor-divider\">\n\t\t\t<span class=\"elementor-divider-separator\">\n\t\t\t\t\t\t<\/span>\n\t\t<\/div>\n\t\t\t\t\t\t<\/div>\n\t\t\t\t<div class=\"elementor-element elementor-element-785e311d elementor-widget elementor-widget-text-editor\" data-id=\"785e311d\" data-element_type=\"widget\" data-settings=\"{&quot;_animation&quot;:&quot;none&quot;}\" data-widget_type=\"text-editor.default\">\n\t\t\t\t\t\t\t\t\t<p>Nivolox Automotive steht f\u00fcr hochwertige Autopflegeprodukte, die Leistung, Qualit\u00e4t und Benutzerfreundlichkeit vereinen. Unsere Marke wurde mit dem Anspruch gegr\u00fcndet, Fahrzeugbesitzern und Profis innovative L\u00f6sungen f\u00fcr eine m\u00fchelose, effektive und sichere Fahrzeugpflege zu bieten.<\/p><p>Wir entwickeln jedes Produkt mit gr\u00f6\u00dfter Sorgfalt \u2013 vom kraftvollen Glasreiniger \u00fcber unser sanftes Auto Shampoo bis hin zu hochwertigen Mikrofasert\u00fcchern und modernen Felgenreinigern. Jedes Detail z\u00e4hlt, denn wir m\u00f6chten, dass sich Ihr Fahrzeug nicht nur sauber anf\u00fchlt, sondern auch sichtbar besser aussieht.<\/p><p>Durch konsequente Qualit\u00e4tskontrollen, moderne Formeln und kundenorientiertes Denken bieten wir Produkte, die zuverl\u00e4ssig, lackschonend und leistungsstark sind. Nivolox Automotive \u2013 f\u00fcr alle, die ihr Fahrzeug mit professionellem Anspruch pflegen m\u00f6chten.<\/p>\t\t\t\t\t\t\t\t<\/div>\n\t\t\t\t\t<\/div>\n\t\t<\/div>\n\t\t\t\t\t<\/div>\n\t\t<\/section>\n\t\t\t\t<section class=\"elementor-section elementor-top-section elementor-element elementor-element-6c7be08d elementor-section-stretched elementor-reverse-tablet elementor-reverse-mobile elementor-section-boxed elementor-section-height-default elementor-section-height-default\" data-id=\"6c7be08d\" data-element_type=\"section\" data-settings=\"{&quot;stretch_section&quot;:&quot;section-stretched&quot;}\">\n\t\t\t\t\t\t<div class=\"elementor-container elementor-column-gap-default\">\n\t\t\t\t\t<div class=\"elementor-column elementor-col-100 elementor-top-column elementor-element elementor-element-43c5dba5\" data-id=\"43c5dba5\" data-element_type=\"column\">\n\t\t\t<div class=\"elementor-widget-wrap elementor-element-populated\">\n\t\t\t\t\t\t<div class=\"elementor-element elementor-element-3a8df12e elementor-widget elementor-widget-heading\" data-id=\"3a8df12e\" data-element_type=\"widget\" data-widget_type=\"heading.default\">\n\t\t\t\t\t<h2 class=\"elementor-heading-title elementor-size-default\">Unsere Mission<\/h2>\t\t\t\t<\/div>\n\t\t\t\t<div class=\"elementor-element elementor-element-7122e8dd elementor-widget-divider--view-line elementor-widget elementor-widget-divider\" data-id=\"7122e8dd\" data-element_type=\"widget\" data-widget_type=\"divider.default\">\n\t\t\t\t\t\t\t<div class=\"elementor-divider\">\n\t\t\t<span class=\"elementor-divider-separator\">\n\t\t\t\t\t\t<\/span>\n\t\t<\/div>\n\t\t\t\t\t\t<\/div>\n\t\t\t\t<div class=\"elementor-element elementor-element-6aad4148 elementor-widget elementor-widget-text-editor\" data-id=\"6aad4148\" data-element_type=\"widget\" data-settings=\"{&quot;_animation&quot;:&quot;none&quot;}\" data-widget_type=\"text-editor.default\">\n\t\t\t\t\t\t\t\t\t<p data-start=\"98\" data-end=\"339\">Unsere Mission ist es, Autopflege einfacher, effizienter und materialschonender zu gestalten. Mit modernen Formeln, hoher Reinigungsleistung und zuverl\u00e4ssiger Qualit\u00e4t m\u00f6chten wir jedem Fahrzeugbesitzer professionelle Ergebnisse erm\u00f6glichen.<\/p><p data-start=\"341\" data-end=\"484\">Nivolox Automotive steht f\u00fcr Qualit\u00e4t, Innovation und Kundenzufriedenheit \u2013 f\u00fcr ein sichtbar sauberes Fahrzeug und ein besseres Pflegeerlebnis.<\/p><p data-start=\"486\" data-end=\"720\">Gleichzeitig setzen wir auf stetige Weiterentwicklung, um unsere Produkte noch wirkungsvoller, sicherer und benutzerfreundlicher zu machen. So schaffen wir Autopflegel\u00f6sungen, die den Anforderungen von heute und morgen gerecht werden.<\/p><p data-start=\"722\" data-end=\"913\" data-is-last-node=\"\" data-is-only-node=\"\">Wir m\u00f6chten Vertrauen schaffen \u2013 durch Produkte, die halten, was sie versprechen, und durch einen Service, der auf Ehrlichkeit, Transparenz und echter Leidenschaft f\u00fcr Fahrzeugpflege basiert.<\/p>\t\t\t\t\t\t\t\t<\/div>\n\t\t\t\t\t<\/div>\n\t\t<\/div>\n\t\t\t\t\t<\/div>\n\t\t<\/section>\n\t\t\t\t<\/div>","protected":false},"excerpt":{"rendered":"\u00dcber uns Nivolox Automotive steht f\u00fcr hochwertige Autopflegeprodukte, die Leistung, Qualit\u00e4t und Benutzerfreundlichkeit vereinen. Unsere Marke wurde mit dem Anspruch gegr\u00fcndet, Fahrzeugbesitzern und Profis innovative L\u00f6sungen f\u00fcr eine m\u00fchelose, effektive und sichere Fahrzeugpflege zu bieten. Wir entwickeln jedes Produkt mit gr\u00f6\u00dfter Sorgfalt \u2013 vom kraftvollen Glasreiniger \u00fcber unser sanftes Auto Shampoo bis hin zu hochwertigen&#8230;","protected":false},"author":8,"featured_media":0,"parent":0,"menu_order":0,"comment_status":"closed","ping_status":"closed","template":"elementor_header_footer","meta":{"postBodyCss":"","postBodyMargin":[],"postBodyPadding":[],"postBodyBackground":{"backgroundType":"classic","gradient":""},"_bodyClasses":"","_disableContainer":false,"_hidePageHeader":false,"_headerStyle":"","_isCustomHeader":false,"_headerStaticContentID":0,"_isCustomFooter":false,"_footerStaticContentId":0,"footnotes":""},"class_list":["post-2764","page","type-page","status-publish","hentry"],"_links":{"self":[{"href":"https:\/\/nivolox.de\/en\/wp-json\/wp\/v2\/pages\/2764","targetHints":{"allow":["GET"]}}],"collection":[{"href":"https:\/\/nivolox.de\/en\/wp-json\/wp\/v2\/pages"}],"about":[{"href":"https:\/\/nivolox.de\/en\/wp-json\/wp\/v2\/types\/page"}],"author":[{"embeddable":true,"href":"https:\/\/nivolox.de\/en\/wp-json\/wp\/v2\/users\/8"}],"replies":[{"embeddable":true,"href":"https:\/\/nivolox.de\/en\/wp-json\/wp\/v2\/comments?post=2764"}],"version-history":[{"count":28,"href":"https:\/\/nivolox.de\/en\/wp-json\/wp\/v2\/pages\/2764\/revisions"}],"predecessor-version":[{"id":3482,"href":"https:\/\/nivolox.de\/en\/wp-json\/wp\/v2\/pages\/2764\/revisions\/3482"}],"wp:attachment":[{"href":"https:\/\/nivolox.de\/en\/wp-json\/wp\/v2\/media?parent=2764"}],"curies":[{"name":"wp","href":"https:\/\/api.w.org\/{rel}","templated":true}]}}